{"id":4549,"date":"2022-05-28T09:20:44","date_gmt":"2022-05-28T07:20:44","guid":{"rendered":"https:\/\/sabrina-von-nessen.com\/?page_id=4549"},"modified":"2022-05-28T09:50:00","modified_gmt":"2022-05-28T07:50:00","slug":"ursula-helml","status":"publish","type":"page","link":"https:\/\/sabrina-von-nessen.com\/en\/ursula-helml\/","title":{"rendered":"Ursula Helml"},"content":{"rendered":"<p>[et_pb_section fb_built=&#8220;1&#8243; custom_padding_last_edited=&#8220;on|phone&#8220; _builder_version=&#8220;4.17.3&#8243; _module_preset=&#8220;default&#8220; use_background_color_gradient=&#8220;on&#8220; background_color_gradient_stops=&#8220;rgba(0,0,0,0.15) 0%|rgba(0,0,0,0.15) 100%&#8220; background_color_gradient_overlays_image=&#8220;on&#8220; background_color_gradient_start=&#8220;rgba(0,0,0,0.15)&#8220; background_color_gradient_end=&#8220;rgba(0,0,0,0.15)&#8220; background_image=&#8220;https:\/\/sabrina-von-nessen.com\/wp-content\/uploads\/2022\/05\/uh-desktop.jpeg&#8220; custom_margin=&#8220;-90px||||false|true&#8220; custom_padding=&#8220;19%||19%||true|true&#8220; custom_padding_tablet=&#8220;30%||30%||true|true&#8220; custom_padding_phone=&#8220;45%||45%||true|true&#8220; hover_enabled=&#8220;0&#8243; da_disable_devices=&#8220;off|off|off&#8220; locked=&#8220;off&#8220; global_colors_info=&#8220;{}&#8220; title_text=&#8220;UrsulaHelml_0123&#8243; background_last_edited=&#8220;on|phone&#8220; sticky_enabled=&#8220;0&#8243; background_image_tablet=&#8220;https:\/\/sabrina-von-nessen.com\/wp-content\/uploads\/2022\/05\/UrsulaHelml_0123.jpeg&#8220; background_enable_image_tablet=&#8220;on&#8220; da_is_popup=&#8220;off&#8220; da_exit_intent=&#8220;off&#8220; da_has_close=&#8220;on&#8220; da_alt_close=&#8220;off&#8220; da_dark_close=&#8220;off&#8220; da_not_modal=&#8220;on&#8220; da_is_singular=&#8220;off&#8220; da_with_loader=&#8220;off&#8220; da_has_shadow=&#8220;on&#8220;][\/et_pb_section][et_pb_section fb_built=&#8220;1&#8243; _builder_version=&#8220;4.16&#8243; _module_preset=&#8220;default&#8220; background_color=&#8220;RGBA(0,0,0,0)&#8220; custom_margin=&#8220;-150px||||false|false&#8220; custom_margin_tablet=&#8220;-85px||||false|false&#8220; custom_margin_phone=&#8220;-30px||||false|false&#8220; custom_margin_last_edited=&#8220;on|phone&#8220; custom_padding=&#8220;0px||0px||true|false&#8220; da_disable_devices=&#8220;off|off|off&#8220; locked=&#8220;off&#8220; global_colors_info=&#8220;{}&#8220; da_is_popup=&#8220;off&#8220; da_exit_intent=&#8220;off&#8220; da_has_close=&#8220;on&#8220; da_alt_close=&#8220;off&#8220; da_dark_close=&#8220;off&#8220; da_not_modal=&#8220;on&#8220; da_is_singular=&#8220;off&#8220; da_with_loader=&#8220;off&#8220; da_has_shadow=&#8220;on&#8220;][et_pb_row custom_padding_last_edited=&#8220;off|phone&#8220; _builder_version=&#8220;4.16&#8243; _module_preset=&#8220;default&#8220; custom_padding=&#8220;0px||0px||true|false&#8220; custom_padding_phone=&#8220;0px||0px||true|true&#8220; global_colors_info=&#8220;{}&#8220;][et_pb_column type=&#8220;4_4&#8243; _builder_version=&#8220;4.16&#8243; _module_preset=&#8220;default&#8220; global_colors_info=&#8220;{}&#8220;][et_pb_text content_tablet=&#8220;<\/p>\n<h1>Vortr\u00e4ge zu F\u00fchrung und Unternehmertum in Ihrem Wunschformat<\/h1>\n<h3>Sabrina von Nessen macht Sie fit f\u00fcr F\u00fchrungsexzellenz im digitalen Zeitalter. Ob online oder offline und immer in Ihrem Wunschformat: Die Speakerin begeistert und inspiriert, damit Menschen ins Handeln kommen.<\/h3>\n<p>&#8220; content_phone=&#8220;<\/p>\n<h1>Vortr\u00e4ge zu F\u00fchrung und Unternehmertum in Ihrem Wunschformat<\/h1>\n<h3>Sabrina von Nessen macht Sie fit f\u00fcr F\u00fchrungsexzellenz im digitalen Zeitalter. Ob online oder offline und immer in Ihrem Wunschformat: Die Speakerin begeistert und inspiriert, damit Menschen ins Handeln kommen.<\/h3>\n<p>&#8220; content_last_edited=&#8220;off|desktop&#8220; admin_label=&#8220;Title&#8220; _builder_version=&#8220;4.17.3&#8243; text_font=&#8220;||||||||&#8220; text_text_color=&#8220;#000000&#8243; text_font_size=&#8220;16px&#8220; text_line_height=&#8220;1.8em&#8220; header_font=&#8220;Playfair Display|600|||||||&#8220; header_text_align=&#8220;left&#8220; header_text_color=&#8220;#0c4559&#8243; header_font_size=&#8220;50px&#8220; header_line_height=&#8220;1.3em&#8220; header_2_font=&#8220;Playfair Display|600|||||||&#8220; header_2_text_color=&#8220;gcid-7891302c-2a94-4246-81e7-584b2b07940c&#8220; header_2_font_size=&#8220;56px&#8220; header_2_line_height=&#8220;1.3em&#8220; header_3_font=&#8220;Playfair Display||||||||&#8220; header_3_text_color=&#8220;gcid-7891302c-2a94-4246-81e7-584b2b07940c&#8220; header_3_font_size=&#8220;21px&#8220; header_3_line_height=&#8220;1.4em&#8220; background_color=&#8220;#f7f7f7&#8243; background_size=&#8220;initial&#8220; background_position=&#8220;top_left&#8220; background_repeat=&#8220;repeat&#8220; width=&#8220;69%&#8220; width_tablet=&#8220;100%&#8220; width_phone=&#8220;100%&#8220; width_last_edited=&#8220;on|tablet&#8220; max_width_last_edited=&#8220;off|tablet&#8220; module_alignment=&#8220;left&#8220; custom_margin=&#8220;||||false|false&#8220; custom_padding=&#8220;3.5%|4.5%|3.5%|4.5%|true|true&#8220; custom_padding_tablet=&#8220;5%||5%||true|true&#8220; custom_padding_phone=&#8220;|5%||5%|true|true&#8220; custom_padding_last_edited=&#8220;on|tablet&#8220; animation_style=&#8220;slide&#8220; animation_direction=&#8220;bottom&#8220; animation_intensity_slide=&#8220;20%&#8220; header_text_align_tablet=&#8220;center&#8220; header_text_align_phone=&#8220;&#8220; header_text_align_last_edited=&#8220;on|tablet&#8220; header_font_size_tablet=&#8220;46px&#8220; header_font_size_phone=&#8220;34px&#8220; header_font_size_last_edited=&#8220;on|phone&#8220; header_2_text_align_tablet=&#8220;center&#8220; header_2_text_align_phone=&#8220;&#8220; header_2_text_align_last_edited=&#8220;on|tablet&#8220; header_2_font_size_tablet=&#8220;&#8220; header_2_font_size_phone=&#8220;40px&#8220; header_2_font_size_last_edited=&#8220;on|phone&#8220; header_3_text_align_tablet=&#8220;center&#8220; header_3_text_align_phone=&#8220;&#8220; header_3_text_align_last_edited=&#8220;on|tablet&#8220; header_3_font_size_tablet=&#8220;&#8220; header_3_font_size_phone=&#8220;18px&#8220; header_3_font_size_last_edited=&#8220;on|phone&#8220; module_alignment_tablet=&#8220;center&#8220; module_alignment_phone=&#8220;center&#8220; module_alignment_last_edited=&#8220;on|tablet&#8220; box_shadow_style=&#8220;preset1&#8243; box_shadow_vertical=&#8220;15px&#8220; box_shadow_blur=&#8220;45px&#8220; box_shadow_color=&#8220;rgba(0,0,0,0.15)&#8220; locked=&#8220;off&#8220; global_colors_info=&#8220;{%22gcid-7891302c-2a94-4246-81e7-584b2b07940c%22:%91%22header_2_text_color%22,%22header_3_text_color%22,%22header_2_text_color%22,%22header_3_text_color%22%93,%22gcid-80db89a0-2cd4-4ffb-a1b9-1395a3b73657%22:%91%93,%22gcid-1097599b-a358-42fb-b0fe-54ecdb8bcdc3%22:%91%93,%22gcid-418acd5e-9f85-4392-9af4-935d5361bded%22:%91%93,%22gcid-283bb3fe-bfcf-4ac0-a7b6-2636f9af7a67%22:%91%93}&#8220;]<\/p>\n<h1>Durch Inner-Leadership deine Ziele erreichen<\/h1>\n<h3>Ursula Helml, Expertin f\u00fcr starke Frauen in starken Unternehmen<\/h3>\n<p>[\/et_pb_text][\/et_pb_column][\/et_pb_row][\/et_pb_section][et_pb_section fb_built=&#8220;1&#8243; custom_padding_last_edited=&#8220;on|phone&#8220; _builder_version=&#8220;4.17.3&#8243; _module_preset=&#8220;default&#8220; custom_padding=&#8220;100px||70px|||&#8220; custom_padding_tablet=&#8220;75px||65px||false|false&#8220; custom_padding_phone=&#8220;50px||50px||false|false&#8220; da_disable_devices=&#8220;off|off|off&#8220; locked=&#8220;off&#8220; global_colors_info=&#8220;{%22gcid-1097599b-a358-42fb-b0fe-54ecdb8bcdc3%22:%91%22colorEnd%22%93,%22gcid-80db89a0-2cd4-4ffb-a1b9-1395a3b73657%22:%91%93,%22gcid-7891302c-2a94-4246-81e7-584b2b07940c%22:%91%93,%22gcid-283bb3fe-bfcf-4ac0-a7b6-2636f9af7a67%22:%91%93}&#8220; da_is_popup=&#8220;off&#8220; da_exit_intent=&#8220;off&#8220; da_has_close=&#8220;on&#8220; da_alt_close=&#8220;off&#8220; da_dark_close=&#8220;off&#8220; da_not_modal=&#8220;on&#8220; da_is_singular=&#8220;off&#8220; da_with_loader=&#8220;off&#8220; da_has_shadow=&#8220;on&#8220;][et_pb_row _builder_version=&#8220;4.17.3&#8243; _module_preset=&#8220;default&#8220; custom_margin=&#8220;||||false|false&#8220; custom_padding=&#8220;||||false|false&#8220; locked=&#8220;off&#8220; global_colors_info=&#8220;{}&#8220;][et_pb_column type=&#8220;4_4&#8243; _builder_version=&#8220;4.16&#8243; _module_preset=&#8220;default&#8220; global_colors_info=&#8220;{}&#8220;][et_pb_text _builder_version=&#8220;4.17.3&#8243; _module_preset=&#8220;default&#8220; text_font=&#8220;||||||||&#8220; text_text_color=&#8220;#000000&#8243; text_font_size=&#8220;21px&#8220; text_line_height=&#8220;1.8em&#8220; header_font=&#8220;Playfair Display||||||||&#8220; header_text_align=&#8220;center&#8220; header_text_color=&#8220;gcid-7891302c-2a94-4246-81e7-584b2b07940c&#8220; header_font_size=&#8220;42px&#8220; header_line_height=&#8220;1.3em&#8220; background_size=&#8220;initial&#8220; background_position=&#8220;top_left&#8220; background_repeat=&#8220;repeat&#8220; text_orientation=&#8220;center&#8220; max_width=&#8220;900px&#8220; module_alignment=&#8220;center&#8220; animation_style=&#8220;slide&#8220; animation_direction=&#8220;bottom&#8220; animation_intensity_slide=&#8220;20%&#8220; text_font_size_tablet=&#8220;19px&#8220; text_font_size_phone=&#8220;17px&#8220; text_font_size_last_edited=&#8220;on|phone&#8220; locked=&#8220;off&#8220; global_colors_info=&#8220;{%22gcid-418acd5e-9f85-4392-9af4-935d5361bded%22:%91%93,%22gcid-7891302c-2a94-4246-81e7-584b2b07940c%22:%91%22header_text_color%22%93}&#8220;]<\/p>\n<p>Die Vision von Ursula Helml ist es, Frauen in Unternehmen zu st\u00e4rken, damit diese<br \/><strong>selbstbewusst und stark<\/strong><br \/>ihren n\u00e4chsten Karriere-Schritt gehen k\u00f6nnen. Dadurch werden die Firmen nicht nur diverser, sondern auch erfolgreicher, innovativer und die Performance steigt nachweislich. Nach mehr als 10 Jahren als erfolgreiche Au\u00dfendienstmitarbeiterin, u. a. in der Medizinbranche, wei\u00df sie genau, wie man sich Ziele setzen muss, um diese auch zu erreichen.<\/p>\n<p>[\/et_pb_text][\/et_pb_column][\/et_pb_row][et_pb_row _builder_version=&#8220;4.17.3&#8243; _module_preset=&#8220;default&#8220; custom_margin=&#8220;||||false|false&#8220; custom_padding=&#8220;||||false|false&#8220; locked=&#8220;off&#8220; global_colors_info=&#8220;{}&#8220;][et_pb_column type=&#8220;4_4&#8243; _builder_version=&#8220;4.16&#8243; _module_preset=&#8220;default&#8220; global_colors_info=&#8220;{}&#8220;][et_pb_image src=&#8220;https:\/\/sabrina-von-nessen.com\/wp-content\/uploads\/2022\/05\/saluki.jpeg&#8220; title_text=&#8220;saluki&#8220; _builder_version=&#8220;4.17.3&#8243; _module_preset=&#8220;default&#8220; custom_margin=&#8220;0px||0px||true|false&#8220; custom_padding=&#8220;0px||0px||true|false&#8220; custom_css_main_element=&#8220;display: inline-block;||width: 20%;||padding: 0px 10px;&#8220; border_width_all=&#8220;6px&#8220; border_color_all=&#8220;#c2a747&#8243; box_shadow_style=&#8220;preset1&#8243; box_shadow_blur=&#8220;12px&#8220; box_shadow_spread=&#8220;2px&#8220; box_shadow_color=&#8220;rgba(0,0,0,0.15)&#8220; global_colors_info=&#8220;{}&#8220; custom_css_main_element_last_edited=&#8220;on|phone&#8220; custom_css_main_element_phone=&#8220;display: inline-block;||width: 100%;||padding: 10px 0px;&#8220; custom_css_main_element_tablet=&#8220;display: inline-block;||width: 50%;||padding: 10px;&#8220;][\/et_pb_image][et_pb_image src=&#8220;https:\/\/sabrina-von-nessen.com\/wp-content\/uploads\/2022\/05\/labrador.jpeg&#8220; title_text=&#8220;labrador&#8220; _builder_version=&#8220;4.17.3&#8243; _module_preset=&#8220;default&#8220; custom_margin=&#8220;0px||0px||true|false&#8220; custom_padding=&#8220;0px||0px||true|false&#8220; custom_css_main_element=&#8220;display: inline-block;||width: 20%;||padding: 0px 10px;&#8220; border_width_all=&#8220;6px&#8220; border_color_all=&#8220;#c2a747&#8243; box_shadow_style=&#8220;preset1&#8243; box_shadow_blur=&#8220;12px&#8220; box_shadow_spread=&#8220;2px&#8220; box_shadow_color=&#8220;rgba(0,0,0,0.15)&#8220; global_colors_info=&#8220;{}&#8220; custom_css_main_element_phone=&#8220;display: inline-block;||width: 100%;||padding: 10px 0px;&#8220; custom_css_main_element_last_edited=&#8220;on|phone&#8220; custom_css_main_element_tablet=&#8220;display: inline-block;||width: 50%;||padding: 10px;&#8220;][\/et_pb_image][et_pb_image src=&#8220;https:\/\/sabrina-von-nessen.com\/wp-content\/uploads\/2022\/05\/border_collie.jpeg&#8220; title_text=&#8220;border_collie&#8220; _builder_version=&#8220;4.17.3&#8243; _module_preset=&#8220;default&#8220; custom_margin=&#8220;0px||0px||true|false&#8220; custom_padding=&#8220;0px||0px||true|false&#8220; custom_css_main_element=&#8220;display: inline-block;||width: 20%;||padding: 0px 10px;&#8220; border_width_all=&#8220;6px&#8220; border_color_all=&#8220;#c2a747&#8243; box_shadow_style=&#8220;preset1&#8243; box_shadow_blur=&#8220;12px&#8220; box_shadow_spread=&#8220;2px&#8220; box_shadow_color=&#8220;rgba(0,0,0,0.15)&#8220; global_colors_info=&#8220;{}&#8220; custom_css_main_element_phone=&#8220;display: inline-block;||width: 100%;||padding: 10px 0px;&#8220; custom_css_main_element_last_edited=&#8220;on|phone&#8220; custom_css_main_element_tablet=&#8220;display: inline-block;||width: 50%;||padding: 10px;&#8220;][\/et_pb_image][et_pb_image src=&#8220;https:\/\/sabrina-von-nessen.com\/wp-content\/uploads\/2022\/05\/french_bully.jpeg&#8220; title_text=&#8220;french_bully&#8220; _builder_version=&#8220;4.17.3&#8243; _module_preset=&#8220;default&#8220; custom_margin=&#8220;0px||0px||true|false&#8220; custom_padding=&#8220;0px||0px||true|false&#8220; custom_css_main_element=&#8220;display: inline-block;||width: 20%;||padding: 0px 10px;&#8220; border_width_all=&#8220;6px&#8220; border_color_all=&#8220;#c2a747&#8243; box_shadow_style=&#8220;preset1&#8243; box_shadow_blur=&#8220;12px&#8220; box_shadow_spread=&#8220;2px&#8220; box_shadow_color=&#8220;rgba(0,0,0,0.15)&#8220; global_colors_info=&#8220;{}&#8220; custom_css_main_element_phone=&#8220;display: inline-block;||width: 100%;||padding: 10px 0px;&#8220; custom_css_main_element_last_edited=&#8220;on|phone&#8220; custom_css_main_element_tablet=&#8220;display: inline-block;||width: 50%;||padding: 10px;&#8220;][\/et_pb_image][et_pb_image src=&#8220;https:\/\/sabrina-von-nessen.com\/wp-content\/uploads\/2022\/05\/chiuhahua.jpeg&#8220; title_text=&#8220;chiuhahua&#8220; _builder_version=&#8220;4.17.3&#8243; _module_preset=&#8220;default&#8220; custom_margin=&#8220;0px||0px||true|false&#8220; custom_padding=&#8220;0px||0px||true|false&#8220; custom_css_main_element=&#8220;display: inline-block;||width: 20%;||padding: 0px 10px;&#8220; border_width_all=&#8220;6px&#8220; border_color_all=&#8220;#c2a747&#8243; box_shadow_style=&#8220;preset1&#8243; box_shadow_blur=&#8220;12px&#8220; box_shadow_spread=&#8220;2px&#8220; box_shadow_color=&#8220;rgba(0,0,0,0.15)&#8220; global_colors_info=&#8220;{}&#8220; custom_css_main_element_phone=&#8220;display: inline-block;||width: 100%;||padding: 10px 0px;&#8220; custom_css_main_element_last_edited=&#8220;on|phone&#8220; custom_css_main_element_tablet=&#8220;display: inline-block;||width: 50%;||padding: 10px;&#8220;][\/et_pb_image][\/et_pb_column][\/et_pb_row][\/et_pb_section]<\/p>","protected":false},"excerpt":{"rendered":"<p>Durch Inner-Leadership deine Ziele erreichen Ursula Helml, Expertin f\u00fcr starke Frauen in starken UnternehmenDie Vision von Ursula Helml ist es, Frauen in Unternehmen zu st\u00e4rken, damit dieseselbstbewusst und starkihren n\u00e4chsten Karriere-Schritt gehen k\u00f6nnen. Dadurch werden die Firmen nicht nur diverser, sondern auch erfolgreicher, innovativer und die Performance steigt nachweislich. Nach mehr als 10 Jahren als [&hellip;]<\/p>","protected":false},"author":2,"featured_media":0,"parent":0,"menu_order":0,"comment_status":"closed","ping_status":"closed","template":"","meta":{"_et_pb_use_builder":"on","_et_pb_old_content":"<!-- wp:divi\/placeholder \/-->","_et_gb_content_width":"","footnotes":""},"class_list":["post-4549","page","type-page","status-publish","hentry"],"yoast_head":"<!-- This site is optimized with the Yoast SEO plugin v26.5 - https:\/\/yoast.com\/wordpress\/plugins\/seo\/ -->\n<title>Ursula Helml - sabrina-von-nessen.com<\/title>\n<meta name=\"robots\" content=\"index, follow, max-snippet:-1, max-image-preview:large, max-video-preview:-1\" \/>\n<link rel=\"canonical\" href=\"https:\/\/sabrina-von-nessen.com\/en\/ursula-helml\/\" \/>\n<meta property=\"og:locale\" content=\"en_US\" \/>\n<meta property=\"og:type\" content=\"article\" \/>\n<meta property=\"og:title\" content=\"Ursula Helml - sabrina-von-nessen.com\" \/>\n<meta property=\"og:description\" content=\"Durch Inner-Leadership deine Ziele erreichen Ursula Helml, Expertin f\u00fcr starke Frauen in starken UnternehmenDie Vision von Ursula Helml ist es, Frauen in Unternehmen zu st\u00e4rken, damit dieseselbstbewusst und starkihren n\u00e4chsten Karriere-Schritt gehen k\u00f6nnen. Dadurch werden die Firmen nicht nur diverser, sondern auch erfolgreicher, innovativer und die Performance steigt nachweislich. Nach mehr als 10 Jahren als [&hellip;]\" \/>\n<meta property=\"og:url\" content=\"https:\/\/sabrina-von-nessen.com\/en\/ursula-helml\/\" \/>\n<meta property=\"og:site_name\" content=\"sabrina-von-nessen.com\" \/>\n<meta property=\"article:modified_time\" content=\"2022-05-28T07:50:00+00:00\" \/>\n<meta name=\"twitter:card\" content=\"summary_large_image\" \/>\n<script type=\"application\/ld+json\" class=\"yoast-schema-graph\">{\"@context\":\"https:\/\/schema.org\",\"@graph\":[{\"@type\":\"WebPage\",\"@id\":\"https:\/\/sabrina-von-nessen.com\/ursula-helml\/\",\"url\":\"https:\/\/sabrina-von-nessen.com\/ursula-helml\/\",\"name\":\"Ursula Helml - sabrina-von-nessen.com\",\"isPartOf\":{\"@id\":\"https:\/\/sabrina-von-nessen.com\/#website\"},\"datePublished\":\"2022-05-28T07:20:44+00:00\",\"dateModified\":\"2022-05-28T07:50:00+00:00\",\"breadcrumb\":{\"@id\":\"https:\/\/sabrina-von-nessen.com\/ursula-helml\/#breadcrumb\"},\"inLanguage\":\"en-US\",\"potentialAction\":[{\"@type\":\"ReadAction\",\"target\":[\"https:\/\/sabrina-von-nessen.com\/ursula-helml\/\"]}]},{\"@type\":\"BreadcrumbList\",\"@id\":\"https:\/\/sabrina-von-nessen.com\/ursula-helml\/#breadcrumb\",\"itemListElement\":[{\"@type\":\"ListItem\",\"position\":1,\"name\":\"Startseite\",\"item\":\"https:\/\/sabrina-von-nessen.com\/\"},{\"@type\":\"ListItem\",\"position\":2,\"name\":\"Ursula Helml\"}]},{\"@type\":\"WebSite\",\"@id\":\"https:\/\/sabrina-von-nessen.com\/#website\",\"url\":\"https:\/\/sabrina-von-nessen.com\/\",\"name\":\"sabrina-von-nessen.com\",\"description\":\"Sabrina von Nessen - Expertin f\u00fcr Emotionale F\u00fchrung. Keynote Speaker, Mentor, Autor.\",\"publisher\":{\"@id\":\"https:\/\/sabrina-von-nessen.com\/#organization\"},\"potentialAction\":[{\"@type\":\"SearchAction\",\"target\":{\"@type\":\"EntryPoint\",\"urlTemplate\":\"https:\/\/sabrina-von-nessen.com\/?s={search_term_string}\"},\"query-input\":{\"@type\":\"PropertyValueSpecification\",\"valueRequired\":true,\"valueName\":\"search_term_string\"}}],\"inLanguage\":\"en-US\"},{\"@type\":\"Organization\",\"@id\":\"https:\/\/sabrina-von-nessen.com\/#organization\",\"name\":\"Sabrina von Nessen\",\"url\":\"https:\/\/sabrina-von-nessen.com\/\",\"logo\":{\"@type\":\"ImageObject\",\"inLanguage\":\"en-US\",\"@id\":\"https:\/\/sabrina-von-nessen.com\/#\/schema\/logo\/image\/\",\"url\":\"https:\/\/sabrina-von-nessen.com\/wp-content\/uploads\/2020\/11\/SVNessen_Handwritten-signature-logo-V2_1-scaled.jpg\",\"contentUrl\":\"https:\/\/sabrina-von-nessen.com\/wp-content\/uploads\/2020\/11\/SVNessen_Handwritten-signature-logo-V2_1-scaled.jpg\",\"width\":2560,\"height\":1810,\"caption\":\"Sabrina von Nessen\"},\"image\":{\"@id\":\"https:\/\/sabrina-von-nessen.com\/#\/schema\/logo\/image\/\"}}]}<\/script>\n<!-- \/ Yoast SEO plugin. -->","yoast_head_json":{"title":"Ursula Helml - sabrina-von-nessen.com","robots":{"index":"index","follow":"follow","max-snippet":"max-snippet:-1","max-image-preview":"max-image-preview:large","max-video-preview":"max-video-preview:-1"},"canonical":"https:\/\/sabrina-von-nessen.com\/en\/ursula-helml\/","og_locale":"en_US","og_type":"article","og_title":"Ursula Helml - sabrina-von-nessen.com","og_description":"Durch Inner-Leadership deine Ziele erreichen Ursula Helml, Expertin f\u00fcr starke Frauen in starken UnternehmenDie Vision von Ursula Helml ist es, Frauen in Unternehmen zu st\u00e4rken, damit dieseselbstbewusst und starkihren n\u00e4chsten Karriere-Schritt gehen k\u00f6nnen. Dadurch werden die Firmen nicht nur diverser, sondern auch erfolgreicher, innovativer und die Performance steigt nachweislich. Nach mehr als 10 Jahren als [&hellip;]","og_url":"https:\/\/sabrina-von-nessen.com\/en\/ursula-helml\/","og_site_name":"sabrina-von-nessen.com","article_modified_time":"2022-05-28T07:50:00+00:00","twitter_card":"summary_large_image","schema":{"@context":"https:\/\/schema.org","@graph":[{"@type":"WebPage","@id":"https:\/\/sabrina-von-nessen.com\/ursula-helml\/","url":"https:\/\/sabrina-von-nessen.com\/ursula-helml\/","name":"Ursula Helml - sabrina-von-nessen.com","isPartOf":{"@id":"https:\/\/sabrina-von-nessen.com\/#website"},"datePublished":"2022-05-28T07:20:44+00:00","dateModified":"2022-05-28T07:50:00+00:00","breadcrumb":{"@id":"https:\/\/sabrina-von-nessen.com\/ursula-helml\/#breadcrumb"},"inLanguage":"en-US","potentialAction":[{"@type":"ReadAction","target":["https:\/\/sabrina-von-nessen.com\/ursula-helml\/"]}]},{"@type":"BreadcrumbList","@id":"https:\/\/sabrina-von-nessen.com\/ursula-helml\/#breadcrumb","itemListElement":[{"@type":"ListItem","position":1,"name":"Startseite","item":"https:\/\/sabrina-von-nessen.com\/"},{"@type":"ListItem","position":2,"name":"Ursula Helml"}]},{"@type":"WebSite","@id":"https:\/\/sabrina-von-nessen.com\/#website","url":"https:\/\/sabrina-von-nessen.com\/","name":"sabrina-von-nessen.com","description":"Sabrina von Nessen - Expertin f\u00fcr Emotionale F\u00fchrung. Keynote Speaker, Mentor, Autor.","publisher":{"@id":"https:\/\/sabrina-von-nessen.com\/#organization"},"potentialAction":[{"@type":"SearchAction","target":{"@type":"EntryPoint","urlTemplate":"https:\/\/sabrina-von-nessen.com\/?s={search_term_string}"},"query-input":{"@type":"PropertyValueSpecification","valueRequired":true,"valueName":"search_term_string"}}],"inLanguage":"en-US"},{"@type":"Organization","@id":"https:\/\/sabrina-von-nessen.com\/#organization","name":"Sabrina von Nessen","url":"https:\/\/sabrina-von-nessen.com\/","logo":{"@type":"ImageObject","inLanguage":"en-US","@id":"https:\/\/sabrina-von-nessen.com\/#\/schema\/logo\/image\/","url":"https:\/\/sabrina-von-nessen.com\/wp-content\/uploads\/2020\/11\/SVNessen_Handwritten-signature-logo-V2_1-scaled.jpg","contentUrl":"https:\/\/sabrina-von-nessen.com\/wp-content\/uploads\/2020\/11\/SVNessen_Handwritten-signature-logo-V2_1-scaled.jpg","width":2560,"height":1810,"caption":"Sabrina von Nessen"},"image":{"@id":"https:\/\/sabrina-von-nessen.com\/#\/schema\/logo\/image\/"}}]}},"_links":{"self":[{"href":"https:\/\/sabrina-von-nessen.com\/en\/wp-json\/wp\/v2\/pages\/4549","targetHints":{"allow":["GET"]}}],"collection":[{"href":"https:\/\/sabrina-von-nessen.com\/en\/wp-json\/wp\/v2\/pages"}],"about":[{"href":"https:\/\/sabrina-von-nessen.com\/en\/wp-json\/wp\/v2\/types\/page"}],"author":[{"embeddable":true,"href":"https:\/\/sabrina-von-nessen.com\/en\/wp-json\/wp\/v2\/users\/2"}],"replies":[{"embeddable":true,"href":"https:\/\/sabrina-von-nessen.com\/en\/wp-json\/wp\/v2\/comments?post=4549"}],"version-history":[{"count":10,"href":"https:\/\/sabrina-von-nessen.com\/en\/wp-json\/wp\/v2\/pages\/4549\/revisions"}],"predecessor-version":[{"id":4575,"href":"https:\/\/sabrina-von-nessen.com\/en\/wp-json\/wp\/v2\/pages\/4549\/revisions\/4575"}],"wp:attachment":[{"href":"https:\/\/sabrina-von-nessen.com\/en\/wp-json\/wp\/v2\/media?parent=4549"}],"curies":[{"name":"wp","href":"https:\/\/api.w.org\/{rel}","templated":true}]}}